{"id":330,"date":"2016-02-29T13:10:37","date_gmt":"2016-02-29T13:10:37","guid":{"rendered":"http:\/\/test.kriesi.at\/travel\/?page_id=2"},"modified":"2024-10-03T11:49:02","modified_gmt":"2024-10-03T09:49:02","slug":"forside","status":"publish","type":"page","link":"https:\/\/holidaypay.dk\/","title":{"rendered":"Forside"},"content":{"rendered":"\n<style type=\"text\/css\" data-created_by=\"avia_inline_auto\" id=\"style-css-av-jqtgeynt-e075a2f1adf528036627c666dcaa4ddc\">\n.avia-section.av-jqtgeynt-e075a2f1adf528036627c666dcaa4ddc{\nbackground-repeat:no-repeat;\nbackground-image:url(https:\/\/holidaypay.dk\/wp-content\/uploads\/2021\/06\/Forsidefoto_001-scaled.jpg);\nbackground-position:50% 50%;\nbackground-attachment:scroll;\n}\n.avia-section.av-jqtgeynt-e075a2f1adf528036627c666dcaa4ddc .av-section-color-overlay{\nopacity:0.4;\nbackground-color:#0a0a0a;\n}\n<\/style>\n<div id='av_section_1'  class='avia-section av-jqtgeynt-e075a2f1adf528036627c666dcaa4ddc main_color avia-section-default avia-no-border-styling  avia-builder-el-0  el_before_av_section  avia-builder-el-first  avia-full-stretch avia-bg-style-scroll av-section-color-overlay-active  av-minimum-height av-minimum-height-custom  container_wrap sidebar_right'  data-section-bg-repeat='stretch'><div class='av-section-color-overlay-wrap'><div class=\"av-section-color-overlay\"><\/div><div class='container av-section-cont-open' style='height:450px'><main  role=\"main\" itemprop=\"mainContentOfPage\"  class='template-page content  av-content-small alpha units'><div class='post-entry post-entry-type-page post-entry-330'><div class='entry-content-wrapper clearfix'>\n\n<style type=\"text\/css\" data-created_by=\"avia_inline_auto\" id=\"style-css-av-lazdodbh-01db407a481e76ec0159d1683caa5d83\">\n#top .av-special-heading.av-lazdodbh-01db407a481e76ec0159d1683caa5d83{\npadding-bottom:30px;\ncolor:#ffffff;\nfont-size:50px;\n}\n.av-special-heading.av-lazdodbh-01db407a481e76ec0159d1683caa5d83 .special-heading-inner-border{\nborder-color:#ffffff;\n}\n.av-special-heading.av-lazdodbh-01db407a481e76ec0159d1683caa5d83 .av-subheading{\nfont-size:15px;\n}\n<\/style>\n<div  class='av-special-heading av-lazdodbh-01db407a481e76ec0159d1683caa5d83 av-special-heading-h1 custom-color-heading blockquote modern-quote modern-centered  avia-builder-el-1  el_before_av_button  avia-builder-el-first  av-inherit-size av-linked-heading '><div class='av_custom_color av-subheading av-subheading_above '><p>I stedet for at n\u00f8jes med 12.700 i bundfradrag, n\u00e5r du selv vil styre din udlejning<br \/>\nSe Ritzau Pressemeddelelse<\/p>\n<\/div><h1 class='av-special-heading-tag '  itemprop=\"headline\"  ><a class=\"av-heading-link\" href=\"https:\/\/via.ritzau.dk\/pressemeddelelse\/betalingssystem-giver-det-hoje-skattefradrag-til-private-feriebolig-udlejere?publisherId=13559330&releaseId=13571013&fbclid=IwAR3yJCawpPimIXeb8T5CR4Btpk0UhxW8DWs0QxMqY6fxY5ImKSqzc7SHnW0\" target=\"_blank\" rel=\"noopener noreferrer\">VIL DU S\u00c5 HELLERE HAVE 46.100 KR (2024)<br \/>  I BUNDSKATTEFRADRAG, OG ALLIGEVEL SELV STYRE UDLEJNINGEN AF DIN FERIEBOLIG?<\/a><\/h1><div class='special-heading-border'><div class='special-heading-inner-border'><\/div><\/div><\/div>\n<div  class='avia-button-wrap avia-button-center  avia-builder-el-2  el_after_av_heading  el_before_av_button ' ><a href='https:\/\/holidaypay.dk\/index.php\/beregn-din-lejeindtaegt\/'  class='avia-button av-jqti6i24-378df1dbdb962a31a5ed8557d663b365 avia-icon_select-yes-left-icon avia-size-x-large avia-position-center avia-color-theme-color ' ><span class='avia_button_icon avia_button_icon_left' aria-hidden='true' data-av_icon='\ue808' data-av_iconfont='entypo-fontello'><\/span><span class='avia_iconbox_title' >Klik HER og f\u00e5 straks udregnet, hvor meget mere du tjener om \u00e5ret via HolidayPay<\/span><\/a><\/div>\n<div  class='avia-button-wrap avia-button-center  avia-builder-el-3  el_after_av_button  avia-builder-el-last ' ><a href='https:\/\/holidaypay.dk\/index.php\/tilmelding-holidaypay\/'  class='avia-button av-jqti6i24-fdbebf6db5e60dbff1e71cf4c5e69447 avia-icon_select-yes-left-icon avia-size-x-large avia-position-center avia-color-theme-color ' ><span class='avia_button_icon avia_button_icon_left' aria-hidden='true' data-av_icon='\ue808' data-av_iconfont='entypo-fontello'><\/span><span class='avia_iconbox_title' >Tilmeld gratis og f\u00e5 det store bundfradrag i 2022 og frem<\/span><\/a><\/div>\n<\/div><\/div><\/main><!-- close content main element --><\/div><\/div><\/div><div id='av_section_2'  class='avia-section av-3zuz5m-94cd5e22ac126ed264ce30d1d8eb432b main_color avia-section-large avia-no-border-styling  avia-builder-el-4  el_after_av_section  el_before_av_section  avia-bg-style-scroll  container_wrap sidebar_right'  ><div class='container av-section-cont-open' ><div class='template-page content  av-content-small alpha units'><div class='post-entry post-entry-type-page post-entry-330'><div class='entry-content-wrapper clearfix'>\n\n<style type=\"text\/css\" data-created_by=\"avia_inline_auto\" id=\"style-css-av-kqatb9ec-8770ae35196ea7a5498ba8e3b9b99861\">\n#top .av-special-heading.av-kqatb9ec-8770ae35196ea7a5498ba8e3b9b99861{\npadding-bottom:20px;\ncolor:#7f7f7f;\nfont-size:3.5vw;\n}\n.av-special-heading.av-kqatb9ec-8770ae35196ea7a5498ba8e3b9b99861 .special-heading-inner-border{\nborder-color:#7f7f7f;\n}\n<\/style>\n<div  class='av-special-heading av-kqatb9ec-8770ae35196ea7a5498ba8e3b9b99861 av-special-heading-h1 custom-color-heading blockquote modern-quote modern-centered  avia-builder-el-5  el_before_av_textblock  avia-builder-el-first  av-inherit-size '><h1 class='av-special-heading-tag '  itemprop=\"headline\"  >K\u00e6re ferieboligudlejer. Her er din betalingsgateway, som giver dig<\/h1><div class='special-heading-border'><div class='special-heading-inner-border'><\/div><\/div><\/div>\n<section class=\"av_textblock_section \"  itemscope=\"itemscope\" itemtype=\"https:\/\/schema.org\/CreativeWork\" ><div class='avia_textblock  '   itemprop=\"text\" ><ul>\n<li style=\"text-align: left;\">HolidayPay<sup>\u00ae\u00a0<\/sup>er din betalingsgateway , som giver dig samme skattefradrag som de, der udlejer deres feriebolig gennem et udlejningsbureau. Du kan alts\u00e5 fratr\u00e6kke 42.700 kr. i bundfradrag, stedet for 11.700 kr<\/li>\n<li>Du udlejer din feriebolig som s\u00e6dvanlig med lejeaftale osv. HolidayPay<sup>\u00ae<\/sup> modtager indbetalingerne p\u00e5 dine vegne, og overf\u00f8rer dem straks til dig.<\/li>\n<li>B\u00e5de lejer og udlejer modtager straks automatisk en kvittering for indbetalinger.<\/li>\n<li>HolidayPay<sup>\u00ae<\/sup> drager omsorg for, til skattestyrelsen at indberette din \u00e5rlige lejeindt\u00e6gt, der er udlejet for gennem HolidayPay<sup>\u00ae<\/sup>.<\/li>\n<li>Som udlejer slipper du helt for at bruge tid p\u00e5 at opgive din lejeindt\u00e6gt p\u00e5 selvangivelsen. Den st\u00e5r der allerede fortrykt.<\/li>\n<li>For drift af HolidayPay<sup>\u00ae<\/sup> beregnes en transaktionsprovision p\u00e5 5 %, af lejen.<\/li>\n<li>Vi sender dig en \u00e5rsopg\u00f8relse over dine lejeindt\u00e6gter, s\u00e5 du selv kan f\u00f8lge med i, hvad der er indberettet.<\/li>\n<li>HolidayPay er godkendt registreret hos Skat<\/li>\n<\/ul>\n<\/div><\/section>\n<div  class='avia-button-wrap avia-button-center  avia-builder-el-7  el_after_av_textblock  avia-builder-el-last ' ><a href='https:\/\/holidaypay.dk\/index.php\/om-holidaypay\/'  class='avia-button av-jqthugq0-1aea29c5e8ae36251a54e1f9d3348dfc avia-icon_select-yes-left-icon avia-size-large avia-position-center avia-color-theme-color ' ><span class='avia_button_icon avia_button_icon_left' aria-hidden='true' data-av_icon='\ue81f' data-av_iconfont='entypo-fontello'><\/span><span class='avia_iconbox_title' >Klik for mere info<\/span><\/a><\/div>\n<\/p>\n<\/div><\/div><\/div><!-- close content main div --><\/div><\/div>\n<style type=\"text\/css\" data-created_by=\"avia_inline_auto\" id=\"style-css-av-jqth97rb-18ec1253b4f0c2c1381f69c3d20985f1\">\n.avia-section.av-jqth97rb-18ec1253b4f0c2c1381f69c3d20985f1{\nbackground-color:#f4f4f4;\n}\n<\/style>\n<div id='av_section_3'  class='avia-section av-jqth97rb-18ec1253b4f0c2c1381f69c3d20985f1 main_color avia-section-default avia-no-border-styling  avia-builder-el-8  el_after_av_section  avia-builder-el-last  avia-bg-style-scroll  container_wrap sidebar_right'  ><div class='container av-section-cont-open' ><div class='template-page content  av-content-small alpha units'><div class='post-entry post-entry-type-page post-entry-330'><div class='entry-content-wrapper clearfix'>\n\n<style type=\"text\/css\" data-created_by=\"avia_inline_auto\" id=\"style-css-av-jptxyjne-25130b6a7fd5fe5446a3373ab2b13042\">\n.flex_column.av-jptxyjne-25130b6a7fd5fe5446a3373ab2b13042{\nborder-radius:0px 0px 0px 0px;\n-webkit-border-radius:0px 0px 0px 0px;\n-moz-border-radius:0px 0px 0px 0px;\n}\n<\/style>\n<div class='flex_column av-jptxyjne-25130b6a7fd5fe5446a3373ab2b13042 av_one_fifth  avia-builder-el-9  el_before_av_three_fifth  avia-builder-el-first  first flex_column_div av-zero-column-padding '   ><\/div>\n<style type=\"text\/css\" data-created_by=\"avia_inline_auto\" id=\"style-css-av-jptxyjne-2fbca7c23a299d57deb39917829b9c0e\">\n.flex_column.av-jptxyjne-2fbca7c23a299d57deb39917829b9c0e{\nborder-radius:0px 0px 0px 0px;\n-webkit-border-radius:0px 0px 0px 0px;\n-moz-border-radius:0px 0px 0px 0px;\n}\n<\/style>\n<div class='flex_column av-jptxyjne-2fbca7c23a299d57deb39917829b9c0e av_three_fifth  avia-builder-el-10  el_after_av_one_fifth  el_before_av_one_fifth  flex_column_div av-zero-column-padding '   ><p>\n<style type=\"text\/css\" data-created_by=\"avia_inline_auto\" id=\"style-css-av-b6qpm-37bf585d3c0ac6882a76222784127eaf\">\n#top .av-special-heading.av-b6qpm-37bf585d3c0ac6882a76222784127eaf{\npadding-bottom:10px;\n}\n<\/style>\n<div  class='av-special-heading av-b6qpm-37bf585d3c0ac6882a76222784127eaf av-special-heading-h3 blockquote modern-quote  avia-builder-el-11  el_before_avia_sc_search  avia-builder-el-first  '><h3 class='av-special-heading-tag '  itemprop=\"headline\"  >Skriv f.eks <span class='special_amp'>&#8220;<\/span>99962358<span class='special_amp'>&#8221;<\/span> her &#8211; og se hvordan en feriebolig vises&#8230;<\/h3><div class='special-heading-border'><div class='special-heading-inner-border'><\/div><\/div><\/div><br \/>\n<div  class='avia_search_element   avia-builder-el-12  el_after_av_heading  avia-builder-el-last '><form action='https:\/\/holidaypay.dk\/' id='searchform_element' method='get' class='' ><div class='av_searchform_wrapper' ><input type='text' value='' id='s' name='s' placeholder='Skriv her...'  class='' \/><div class='av_searchsubmit_wrapper' ><input type='submit' value='KLIK S\u00c5 P\u00c5 FERIEBOLIGEN HERUNDER' id='searchsubmit' class='button'  \/><\/div><input type='hidden' name='numberposts' value='5' \/><input type='hidden' name='post_type[]' value='product' \/><input type='hidden' name='results_hide_fields' value='post_titles,image' \/><\/div><\/form><\/div><\/p><\/div>\n<style type=\"text\/css\" data-created_by=\"avia_inline_auto\" id=\"style-css-av-jptxyjne-2fbca7c23a299d57deb39917829b9c0e\">\n.flex_column.av-jptxyjne-2fbca7c23a299d57deb39917829b9c0e{\nborder-radius:0px 0px 0px 0px;\n-webkit-border-radius:0px 0px 0px 0px;\n-moz-border-radius:0px 0px 0px 0px;\n}\n<\/style>\n<div class='flex_column av-jptxyjne-2fbca7c23a299d57deb39917829b9c0e av_one_fifth  avia-builder-el-13  el_after_av_three_fifth  avia-builder-el-last  flex_column_div av-zero-column-padding '   ><\/div>\n<\/div><\/div><\/div><!-- close content main div --><\/div><\/div><div id='after_section_3'  class='main_color av_default_container_wrap container_wrap sidebar_right'  ><div class='container av-section-cont-open' ><div class='template-page content  av-content-small alpha units'><div class='post-entry post-entry-type-page post-entry-330'><div class='entry-content-wrapper clearfix'>\n","protected":false},"excerpt":{"rendered":"","protected":false},"author":3,"featured_media":0,"parent":0,"menu_order":0,"comment_status":"closed","ping_status":"open","template":"","meta":{"footnotes":""},"class_list":["post-330","page","type-page","status-publish","hentry"],"_links":{"self":[{"href":"https:\/\/holidaypay.dk\/index.php\/wp-json\/wp\/v2\/pages\/330","targetHints":{"allow":["GET"]}}],"collection":[{"href":"https:\/\/holidaypay.dk\/index.php\/wp-json\/wp\/v2\/pages"}],"about":[{"href":"https:\/\/holidaypay.dk\/index.php\/wp-json\/wp\/v2\/types\/page"}],"author":[{"embeddable":true,"href":"https:\/\/holidaypay.dk\/index.php\/wp-json\/wp\/v2\/users\/3"}],"replies":[{"embeddable":true,"href":"https:\/\/holidaypay.dk\/index.php\/wp-json\/wp\/v2\/comments?post=330"}],"version-history":[{"count":36,"href":"https:\/\/holidaypay.dk\/index.php\/wp-json\/wp\/v2\/pages\/330\/revisions"}],"predecessor-version":[{"id":9013,"href":"https:\/\/holidaypay.dk\/index.php\/wp-json\/wp\/v2\/pages\/330\/revisions\/9013"}],"wp:attachment":[{"href":"https:\/\/holidaypay.dk\/index.php\/wp-json\/wp\/v2\/media?parent=330"}],"curies":[{"name":"wp","href":"https:\/\/api.w.org\/{rel}","templated":true}]}}