{"id":7400,"date":"2019-01-17T02:48:23","date_gmt":"2019-01-17T01:48:23","guid":{"rendered":"http:\/\/holidaypaybuild.loyaltylab.io\/?post_type=product&#038;p=7400"},"modified":"2021-08-30T17:54:48","modified_gmt":"2021-08-30T15:54:48","slug":"tilkoeb-billeder","status":"publish","type":"product","link":"https:\/\/holidaypay.dk\/index.php\/vare\/tilkoeb-billeder\/","title":{"rendered":"Tilk\u00f8b 9 billeder"},"content":{"rendered":"","protected":false},"excerpt":{"rendered":"<h1>9 ekstra\u00a0fotos\u00a0af\u00a0din feriebolig<br \/>\n+ link til din egen website eller reklamewebsted<\/h1>\n<h3>Det koster 200 kr en gang for alle, og g\u00e6lder s\u00e5 l\u00e6nge du er tilmeldt HolidayPay<\/h3>\n<h3>G\u00e5 videre til &gt;Betal bel\u00f8b&lt;<\/h3>\n<p>&nbsp;<\/p>\n<p>&nbsp;<\/p>\n","protected":false},"featured_media":7401,"template":"","meta":[],"product_brand":[],"product_cat":[38],"product_tag":[39],"class_list":{"0":"post-7400","1":"product","2":"type-product","3":"status-publish","4":"has-post-thumbnail","6":"product_cat-tilkoeb","7":"product_tag-tilkoeb-billeder","9":"first","10":"instock","11":"virtual","12":"sold-individually","13":"purchasable","14":"product-type-simple"},"_links":{"self":[{"href":"https:\/\/holidaypay.dk\/index.php\/wp-json\/wp\/v2\/product\/7400","targetHints":{"allow":["GET"]}}],"collection":[{"href":"https:\/\/holidaypay.dk\/index.php\/wp-json\/wp\/v2\/product"}],"about":[{"href":"https:\/\/holidaypay.dk\/index.php\/wp-json\/wp\/v2\/types\/product"}],"wp:featuredmedia":[{"embeddable":true,"href":"https:\/\/holidaypay.dk\/index.php\/wp-json\/wp\/v2\/media\/7401"}],"wp:attachment":[{"href":"https:\/\/holidaypay.dk\/index.php\/wp-json\/wp\/v2\/media?parent=7400"}],"wp:term":[{"taxonomy":"product_brand","embeddable":true,"href":"https:\/\/holidaypay.dk\/index.php\/wp-json\/wp\/v2\/product_brand?post=7400"},{"taxonomy":"product_cat","embeddable":true,"href":"https:\/\/holidaypay.dk\/index.php\/wp-json\/wp\/v2\/product_cat?post=7400"},{"taxonomy":"product_tag","embeddable":true,"href":"https:\/\/holidaypay.dk\/index.php\/wp-json\/wp\/v2\/product_tag?post=7400"}],"curies":[{"name":"wp","href":"https:\/\/api.w.org\/{rel}","templated":true}]}}